{"id":5101,"date":"2023-09-13T13:02:26","date_gmt":"2023-09-13T11:02:26","guid":{"rendered":"https:\/\/client.jc-gien.fr\/chateaudenervers\/le-chateau-de-nervers-copy\/"},"modified":"2023-10-04T18:44:37","modified_gmt":"2023-10-04T16:44:37","slug":"contacter-le-chateau-de-nervers","status":"publish","type":"page","link":"https:\/\/chateaudenervers.fr\/fr\/contacter-le-chateau-de-nervers\/","title":{"rendered":"Contacter le Ch\u00e2teau de Nervers"},"content":{"rendered":"<div class=\"googlemapblocselection bloc-googlemap bloc-animation-jcg\n       hauteur-petit\">\n\n  <input type=\"hidden\" class=\"latitude\" value=\"46.0800707\" \/>\n  <input type=\"hidden\" class=\"longitude\" value=\"4.6577908\" \/>\n  <input type=\"hidden\" class=\"zoom\" value=\"9\" \/>\n  <input type=\"hidden\" class=\"pictogramme\" value=\"https:\/\/chateaudenervers.fr\/fr\/wp-content\/uploads\/2023\/09\/local-chateau-de-nervers-beaujolais-1.png\" \/>\n\n  <ul class=\"emplacements\" style=\"display:none !important;\">\n    \n          <li class=\"emplacements_solo\">\n        <input type=\"hidden\" class=\"latitudesup\" value=\"46.0800707\" \/>\n        <input type=\"hidden\" class=\"longitudesup\" value=\"4.6577908\" \/>\n        <div class=\"textesup\">Ch\u00e2teau de Nervers<br \/>\r\n06 68 39 87 44<br \/>\r\ncontact@chateaudenervers.fr<\/div>\n      <\/li>\n      <\/ul>\n\n\n  <div class=\"wrapper-grand\" >    \n  <div class=\"googlemap\" id=\"maps_171205082\"><\/div> \n\n  <input type=\"hidden\" class=\"googlemapsimpleaffichagejcg\" value=\"1\" \/>   \n\n  <\/div>\n<\/div>\n\n<div style=\"display:block; padding:0; margin:0; width:100%; height:50px\"><\/div>\n\n<div class=\"wrapper-normal\">\n  \n                <div class=\"section-image bloc-animation-jcg\n                                     padding-normal                                     largeur-normal                        \" \n            style=\"background-color:#ffffff;  background-image:url(); background-size:cover; background-attachment:fixed; background-position:center;\"\n          >\n\n            <div class=\"colonne-texte\n                         typo-normal                        \"\n                                    >\n              <h2 style=\"color:#bfa148;\">Ch\u00e2teau de Nervers<\/h2>\n              <div class=\"descriptif\" style=\"color:#444444;\"><p>Nous sommes disponible par t\u00e9l\u00e9phone du lundi au samedi de 9h \u00e0 17h au : <strong>06 68 39 87 44<\/strong><\/p>\n<p>&nbsp;<\/p>\n<p>Vous pouvez \u00e9galement nous contacter par email \u00e0 l&rsquo;adresse suivante : <strong>contact@chateaudenervers.fr<\/strong><\/p>\n<p>&nbsp;<\/p>\n<p>ou nous envoyer un message via notre formulaire ci-dessous :<\/p>\n<\/div>\n              \n              \n              \n              \n              \n\n              \n              \n\n              \n\n                            <div class=\"image class-parallax\" style=\"background-image:url(https:\/\/chateaudenervers.fr\/fr\/wp-content\/uploads\/2023\/10\/chateau-de-nervers-beaujolais-1.jpg); \"><\/div>\n            <\/div>\n        \n          <\/div>\n      \n<\/div>\n\n           \n\n<div style=\"display:block; padding:0; margin:0; width:100%; height:20px\"><\/div>\n\n<div class=\"bloc-signaletique class-parallax bloc-animation-jcg\n     hauteur-normal       typo-normal    \" style=\"\n  background-image:url(https:\/\/chateaudenervers.fr\/fr\/wp-content\/uploads\/2023\/10\/chateau-de-nervers-4.jpg);\n   background-attachment:fixed;    text-align:center;\n  \">\n  <div class=\"filtre\" style=\"opacity:0.6; background-color:#000000;\"><\/div>\n      <div class=\"wrapper-petit\">    <h2 style=\"color: #bfa148;\">Envoyez-nous un message<\/h2>\n    <h3 style=\"color: #ffffff;\">Remplissez les informations ci-dessous, nous vous r\u00e9pondrons rapidement<\/h3>\n\n    <form class=\"bloc-signaletique-formulaire\" action=\"#form_envoyez-nous-un-message\" id=\"form_envoyez-nous-un-message\" method=\"post\" onsubmit='return verificationrgpd();'>\n      <div class=\"colonnage\" style=\"column-count: 2;\">\n\n        <input type=\"hidden\" name=\"email_reception\" value=\"contact@chateaudenervers.fr\" \/>\n\n              \n                        <div class=\"bloc-form\">\n                                <input type=\"text\" name=\"form_champ_0\" placeholder=\"Votre nom et votre pr\u00e9nom\" value=\"\" required  style=\"border-color: #bfa148;\"\/>\n              <\/div>\n          \n          \n          \n          \n        \n                        <div class=\"bloc-form\">\n                                <input type=\"text\" name=\"form_champ_1\" placeholder=\"Votre soci\u00e9t\u00e9\" value=\"\"   style=\"border-color: #bfa148;\"\/>\n              <\/div>\n          \n          \n          \n          \n        \n                        <div class=\"bloc-form\">\n                                <input type=\"text\" name=\"form_champ_2\" placeholder=\"Votre t\u00e9l\u00e9phone\" value=\"\" required  style=\"border-color: #bfa148;\"\/>\n              <\/div>\n          \n          \n          \n          \n        \n                        <div class=\"bloc-form\">\n                                <input type=\"text\" name=\"form_champ_3\" placeholder=\"Votre email\" value=\"\" required  style=\"border-color: #bfa148;\"\/>\n              <\/div>\n          \n          \n          \n          \n        \n          \n          \n                        <div class=\"bloc-form\">\n                                <textarea name=\"form_champ_4\" placeholder=\"Expliquez-nous votre demande\" required style=\"min-height:200px;border-color: #bfa148;\"><\/textarea>\n              <\/div>\n          \n          \n              \n      <\/div>\n      <div class=\"clear\"><\/div>\n      <div class=\"case-a-cocher\" style=\"color:white ; text-align:left; font-size:0.9rem; padding-top:0;\">\n        <input type=\"hidden\" class=\"inputcheckbox acceptationrgpdform\" name=\"acceptationrgpdform\" value=\"0\" required>\n        <i class=\"far fa-check-square cocher\" aria-hidden=\"true\"><\/i>\n        <i class=\"far fa-square decocher active\" aria-hidden=\"true\"><\/i> En cochant cette case, vous acceptez les conditions g\u00e9n\u00e9rales d\u2019utilisation de notre site internet relatives \u00e0 la RGPD. <a href=\"https:\/\/chateaudenervers.fr\/fr\/mentions-legales-politique-de-confidentialite\/\" target=\"_blank\" style=\"display:inline-block; padding:0; margin:0; text-transform:none; font-size:0.9rem; color:white; background-color:transparent !important;\">Cliquez ici pour les consulter.<\/a>\n      <\/div>\n      <button style=\"background-color: #bfa148; border-color: #bfa148;\" type=\"submit\">Envoyer votre message<\/button>\n    <\/form>\n    \n  <\/div>\n<\/div>\n\n<script>\n\n    function verificationrgpd(){  if($(\".acceptationrgpdform\").val()==0){ alert(\"Pour envoyer votre demande, vous devez accepter les conditions g\u00e9n\u00e9rales d\u2019utilisation de notre site internet relatives \u00e0 la RGPD.\"); return false; } else { return true; } };\n      \n\n\n  \n  <\/script>\n\n<div style=\"display:block; padding:0; margin:0; width:100%; height:30px\"><\/div>\n\n\n<div class=\"bloc-texte bloc-animation-jcg\n       hauteur-petit     typo-normal    \" style=\"\n  background-color: #fff;\n  text-align:center;\n  \"\n id=\"blocsuppaccueilpush\"  >\n      <div class=\"wrapper-petit\">        <h2 style=\"color: #bfa148;\">le Ch\u00e2teau de Nervers c&rsquo;est aussi &#8230;<\/h2>\n            \n    \n  <\/div>\n<\/div>\n\n\n\n\n\n\n<div class=\"bloc-mosaique bloc-animation-jcg\n       hauteur-petit     typo-normal       hauteur-interne-normal  \"\n style=\"\n  background-color:#fff;\n  text-align:center;\n   background-image:url(); background-size:cover; background-attachment:fixed; background-position:center;\n\"\n id=\"blocpushbasdepage\"  >\n\n  <div class=\"wrapper-grand\" >    \n    <ul class=\"mosaique\" style=\"border-spacing:5px\">\n\n      \n              <li class=\"element\">\n          <div class=\"background\" style=\"background-image:url(https:\/\/chateaudenervers.fr\/fr\/wp-content\/uploads\/2023\/10\/chateau-de-nervers-beaujolais-1.jpg);\"><\/div>\n          <div class=\"filtre\" style=\"opacity:0; background-color:#bfa148;\"><\/div>\n          <div class=\"bloc-slogan\"><span class=\"slogan\" style=\"background-color:#bfa148;\">Le ch\u00e2teau<\/span><\/div>\n          <h2><span class=\"big\">Le ch\u00e2teau <\/span><\/h2>\n          <h3>Construit en 1780, le petit Nervers \u00e9tait un pavillon de chasse au milieu des vignes. Ni achet\u00e9, ni re\u00e7u en h\u00e9ritage\u2026 comment a-t-il bien pu arriver dans la famille ?<\/h3>\n          <a href=\"https:\/\/chateaudenervers.fr\/fr\/le-chateau-de-nervers\/\" >\n            <span class=\"bck\"><\/span>\n            <span class=\"bck-hover\" style=\"background-color:#bfa148;\"><\/span>\n            D\u00e9couvrir <i class=\"fa-classic fa-solid fa-right-long\" aria-hidden=\"true\"><\/i>          <\/a>\n        <\/li>\n              \n              <li class=\"element\">\n          <div class=\"background\" style=\"background-image:url(https:\/\/chateaudenervers.fr\/fr\/wp-content\/uploads\/2023\/10\/chateau-de-nervers-3-2.jpg);\"><\/div>\n          <div class=\"filtre\" style=\"opacity:0; background-color:#bfa148;\"><\/div>\n          <div class=\"bloc-slogan\"><span class=\"slogan\" style=\"background-color:#bfa148;\">Le domaine<\/span><\/div>\n          <h2><span class=\"big\">Le domaine <\/span><\/h2>\n          <h3>Le Domaine du Ch\u00e2teau de Nervers, \u00e0 mi-chemin entre M\u00e2con et Lyon, est compos\u00e9 de 45 hectares de vignes en AOP Cru Brouilly. <\/h3>\n          <a href=\"https:\/\/chateaudenervers.fr\/fr\/le-domaine-du-chateau-de-nervers\/\" >\n            <span class=\"bck\"><\/span>\n            <span class=\"bck-hover\" style=\"background-color:#bfa148;\"><\/span>\n            D\u00e9couvrir <i class=\"fa-classic fa-solid fa-right-long\" aria-hidden=\"true\"><\/i>          <\/a>\n        <\/li>\n              \n              <li class=\"element\">\n          <div class=\"background\" style=\"background-image:url(https:\/\/chateaudenervers.fr\/fr\/wp-content\/uploads\/2023\/10\/chateau-de-nervers-beaujolais-.jpg);\"><\/div>\n          <div class=\"filtre\" style=\"opacity:0; background-color:#bfa148;\"><\/div>\n          <div class=\"bloc-slogan\"><span class=\"slogan\" style=\"background-color:#bfa148;\">Le spectacle<\/span><\/div>\n          <h2><span class=\"big\">Le spectacle <\/span><\/h2>\n          <h3>Le Serment du Vigneron est un spectacle son et lumi\u00e8re mis en sc\u00e8ne et organis\u00e9 b\u00e9n\u00e9volement par 200 personnes passionn\u00e9es par leur r\u00e9gion &#8211; la plus belle au monde, para\u00eet-il (et \u00e0 peine chauvins\u2026) !<\/h3>\n          <a href=\"https:\/\/chateaudenervers.fr\/fr\/le-spectacle-du-chateau-de-nervers\/\" >\n            <span class=\"bck\"><\/span>\n            <span class=\"bck-hover\" style=\"background-color:#bfa148;\"><\/span>\n            D\u00e9couvrir <i class=\"fa-classic fa-solid fa-right-long\" aria-hidden=\"true\"><\/i>          <\/a>\n        <\/li>\n              \n              <li class=\"element\">\n          <div class=\"background\" style=\"background-image:url(https:\/\/chateaudenervers.fr\/fr\/wp-content\/uploads\/2023\/10\/chatea-de-nervers-beaujolais-1.jpg);\"><\/div>\n          <div class=\"filtre\" style=\"opacity:0; background-color:#bfa148;\"><\/div>\n          <div class=\"bloc-slogan\"><span class=\"slogan\" style=\"background-color:#bfa148;\">Visites &amp; D\u00e9gustations<\/span><\/div>\n          <h2><span class=\"big\">Visites &amp; D\u00e9gustations <\/span><\/h2>\n          <h3>Les visites se font sur rendez-vous, tout au long de l\u2019ann\u00e9e. Tous nos vins vous seront propos\u00e9s \u00e0 la vente \u00e0 l\u2019issue des visites<\/h3>\n          <a href=\"https:\/\/chateaudenervers.fr\/fr\/visite-et-degustation-au-chateau-de-nervers\/\" >\n            <span class=\"bck\"><\/span>\n            <span class=\"bck-hover\" style=\"background-color:#bfa148;\"><\/span>\n            D\u00e9couvrir <i class=\"fa-classic fa-solid fa-right-long\" aria-hidden=\"true\"><\/i>          <\/a>\n        <\/li>\n              \n              <li class=\"element\">\n          <div class=\"background\" style=\"background-image:url(https:\/\/chateaudenervers.fr\/fr\/wp-content\/uploads\/2023\/10\/chateau-de-nervers-3-1.jpg);\"><\/div>\n          <div class=\"filtre\" style=\"opacity:0; background-color:#bfa148;\"><\/div>\n          <div class=\"bloc-slogan\"><span class=\"slogan\" style=\"background-color:#bfa148;\">Les ambassadeurs<\/span><\/div>\n          <h2><span class=\"big\">Les ambassadeurs <\/span><\/h2>\n          <h3>Les Ambassadeurs de Nervers sont des particuliers vivant en France M\u00e9tropolitaine qui aiment le ch\u00e2teau de Nervers et ses vins.<\/h3>\n          <a href=\"https:\/\/chateaudenervers.fr\/fr\/ambassadeurs-du-chateau-de-nervers\/\" >\n            <span class=\"bck\"><\/span>\n            <span class=\"bck-hover\" style=\"background-color:#bfa148;\"><\/span>\n            D\u00e9couvrir <i class=\"fa-classic fa-solid fa-right-long\" aria-hidden=\"true\"><\/i>          <\/a>\n        <\/li>\n              \n    <\/ul>\n\n  <\/div>\n<\/div>","protected":false},"excerpt":{"rendered":"","protected":false},"author":1,"featured_media":0,"parent":0,"menu_order":0,"comment_status":"closed","ping_status":"closed","template":"gutenberg.php","meta":{"_acf_changed":false,"footnotes":""},"class_list":["post-5101","page","type-page","status-publish","hentry"],"acf":[],"_links":{"self":[{"href":"https:\/\/chateaudenervers.fr\/fr\/wp-json\/wp\/v2\/pages\/5101","targetHints":{"allow":["GET"]}}],"collection":[{"href":"https:\/\/chateaudenervers.fr\/fr\/wp-json\/wp\/v2\/pages"}],"about":[{"href":"https:\/\/chateaudenervers.fr\/fr\/wp-json\/wp\/v2\/types\/page"}],"author":[{"embeddable":true,"href":"https:\/\/chateaudenervers.fr\/fr\/wp-json\/wp\/v2\/users\/1"}],"replies":[{"embeddable":true,"href":"https:\/\/chateaudenervers.fr\/fr\/wp-json\/wp\/v2\/comments?post=5101"}],"version-history":[{"count":52,"href":"https:\/\/chateaudenervers.fr\/fr\/wp-json\/wp\/v2\/pages\/5101\/revisions"}],"predecessor-version":[{"id":5569,"href":"https:\/\/chateaudenervers.fr\/fr\/wp-json\/wp\/v2\/pages\/5101\/revisions\/5569"}],"wp:attachment":[{"href":"https:\/\/chateaudenervers.fr\/fr\/wp-json\/wp\/v2\/media?parent=5101"}],"curies":[{"name":"wp","href":"https:\/\/api.w.org\/{rel}","templated":true}]}}